{"id":4499,"date":"2026-04-06T10:33:39","date_gmt":"2026-04-06T10:33:39","guid":{"rendered":"https:\/\/grand.mk\/?post_type=product&#038;p=4499"},"modified":"2026-04-06T10:35:29","modified_gmt":"2026-04-06T10:35:29","slug":"barber-hairdresser-apron-waterproof-nylon","status":"publish","type":"product","link":"https:\/\/grand.mk\/mk\/produkt\/barber-hairdresser-apron-waterproof-nylon\/","title":{"rendered":"Barber\/Hairdresser Apron &#8211; Waterproof Nylon"},"content":{"rendered":"<div class=\"flex flex-col text-sm\">\n<section class=\"text-token-text-primary w-full focus:outline-none [--shadow-height:45px] has-data-writing-block:pointer-events-none has-data-writing-block:-mt-(--shadow-height) has-data-writing-block:pt-(--shadow-height) [&amp;:has([data-writing-block])&gt;*]:pointer-events-auto scroll-mt-[calc(var(--header-height)+min(200px,max(70px,20svh)))]\" dir=\"auto\" data-turn-id=\"request-WEB:7330924a-b091-4fcb-94a4-5d0ca4a52132-5\" data-testid=\"conversation-turn-8\" data-scroll-anchor=\"true\" data-turn=\"assistant\">\n<div class=\"text-base my-auto mx-auto pb-10 [--thread-content-margin:var(--thread-content-margin-xs,calc(var(--spacing)*4))] @w-sm\/main:[--thread-content-margin:var(--thread-content-margin-sm,calc(var(--spacing)*6))] @w-lg\/main:[--thread-content-margin:var(--thread-content-margin-lg,calc(var(--spacing)*16))] px-(--thread-content-margin)\">\n<div class=\"[--thread-content-max-width:40rem] @w-lg\/main:[--thread-content-max-width:48rem] mx-auto max-w-(--thread-content-max-width) flex-1 group\/turn-messages focus-visible:outline-hidden relative flex w-full min-w-0 flex-col agent-turn\">\n<div class=\"flex max-w-full flex-col gap-4 grow\">\n<div class=\"min-h-8 text-message relative flex w-full flex-col items-end gap-2 text-start break-words whitespace-normal outline-none keyboard-focused:focus-ring [.text-message+&amp;]:mt-1\" dir=\"auto\" tabindex=\"0\" data-message-author-role=\"assistant\" data-message-id=\"8e1bbeb8-9401-4f2e-9c02-1f8be3da105c\" data-message-model-slug=\"gpt-5-3\" data-turn-start-message=\"true\">\n<div class=\"flex w-full flex-col gap-1 empty:hidden\">\n<div class=\"markdown prose dark:prose-invert w-full wrap-break-word light markdown-new-styling\">\n<p data-start=\"1435\" data-end=\"1662\">Professional nylon barber apron with a practical front pocket. Lightweight, durable, and easy to clean, it keeps your tools within reach while protecting clothes during work. Perfect for barbers and hairstylists.<\/p>\n<hr \/>\n<p data-start=\"1664\" data-end=\"1859\"><br data-start=\"1671\" data-end=\"1674\" \/>\u041f\u0440\u043e\u0444\u0435\u0441\u0438\u043e\u043d\u0430\u043b\u043d\u0430 \u043d\u0430\u0458\u043b\u043e\u043d\u0441\u043a\u0430 \u043f\u0440\u0435\u0441\u0442\u0438\u043b\u043a\u0430 \u0437\u0430 \u0444\u0440\u0438\u0437\u0435\u0440\u0438 \u0441\u043e \u043f\u0440\u0430\u043a\u0442\u0438\u0447\u0435\u043d \u043f\u0440\u0435\u0434\u0435\u043d \u045f\u0435\u0431. \u041b\u0435\u0441\u043d\u0430, \u0438\u0437\u0434\u0440\u0436\u043b\u0438\u0432\u0430 \u0438 \u043b\u0435\u0441\u043d\u0430 \u0437\u0430 \u0447\u0438\u0441\u0442\u0435\u045a\u0435, \u043e\u0432\u043e\u0437\u043c\u043e\u0436\u0443\u0432\u0430 \u0430\u043b\u0430\u0442\u0438\u0442\u0435 \u0434\u0430 \u0432\u0438 \u0431\u0438\u0434\u0430\u0442 \u0441\u0435\u043a\u043e\u0433\u0430\u0448 \u043f\u0440\u0438 \u0440\u0430\u043a\u0430. \u0418\u0434\u0435\u0430\u043b\u043d\u0430 \u0437\u0430 \u0444\u0440\u0438\u0437\u0435\u0440\u0438 \u0438 \u0431\u0435\u0440\u0431\u0435\u0440\u0438.<\/p>\n<hr \/>\n<p data-start=\"1861\" data-end=\"2060\" data-is-last-node=\"\" data-is-only-node=\"\"><br data-start=\"1868\" data-end=\"1871\" \/>P\u00ebrpar\u00ebse profesionale prej najloni p\u00ebr berber me xhep praktik p\u00ebrpara. E leht\u00eb, e q\u00ebndrueshme dhe e leht\u00eb p\u00ebr pastrim, mban mjetet gjithmon\u00eb pran\u00eb. Ideale p\u00ebr berber\u00eb dhe stilist\u00eb flok\u00ebsh.<\/p>\n<\/div>\n<\/div>\n<\/div>\n<\/div>\n<\/div>\n<\/div>\n<\/section>\n<\/div>\n","protected":false},"excerpt":{"rendered":"<p>Professional nylon barber apron with a practical front pocket. Lightweight, durable, and easy to clean, it keeps your tools within reach while protecting clothes during work. Perfect for barbers and hairstylists. \u041f\u0440\u043e\u0444\u0435\u0441\u0438\u043e\u043d\u0430\u043b\u043d\u0430 \u043d\u0430\u0458\u043b\u043e\u043d\u0441\u043a\u0430 \u043f\u0440\u0435\u0441\u0442\u0438\u043b\u043a\u0430 \u0437\u0430 \u0444\u0440\u0438\u0437\u0435\u0440\u0438 \u0441\u043e \u043f\u0440\u0430\u043a\u0442\u0438\u0447\u0435\u043d \u043f\u0440\u0435\u0434\u0435\u043d \u045f\u0435\u0431. \u041b\u0435\u0441\u043d\u0430, \u0438\u0437\u0434\u0440\u0436\u043b\u0438\u0432\u0430 \u0438 \u043b\u0435\u0441\u043d\u0430 \u0437\u0430 \u0447\u0438\u0441\u0442\u0435\u045a\u0435, \u043e\u0432\u043e\u0437\u043c\u043e\u0436\u0443\u0432\u0430 \u0430\u043b\u0430\u0442\u0438\u0442\u0435 \u0434\u0430 \u0432\u0438 \u0431\u0438\u0434\u0430\u0442 \u0441\u0435\u043a\u043e\u0433\u0430\u0448 \u043f\u0440\u0438 \u0440\u0430\u043a\u0430. \u0418\u0434\u0435\u0430\u043b\u043d\u0430<\/p>","protected":false},"featured_media":4496,"comment_status":"open","ping_status":"closed","template":"","meta":{"advanced_seo_description":"","jetpack_seo_html_title":"","jetpack_seo_noindex":false},"product_brand":[],"product_cat":[192,190],"product_tag":[],"class_list":{"0":"post-4499","1":"product","2":"type-product","3":"status-publish","4":"has-post-thumbnail","6":"product_cat-oprema","7":"product_cat-frizerska-oprema","9":"first","10":"instock","11":"taxable","12":"shipping-taxable","13":"purchasable","14":"product-type-simple"},"jetpack_sharing_enabled":true,"_links":{"self":[{"href":"https:\/\/grand.mk\/mk\/wp-json\/wp\/v2\/product\/4499","targetHints":{"allow":["GET"]}}],"collection":[{"href":"https:\/\/grand.mk\/mk\/wp-json\/wp\/v2\/product"}],"about":[{"href":"https:\/\/grand.mk\/mk\/wp-json\/wp\/v2\/types\/product"}],"replies":[{"embeddable":true,"href":"https:\/\/grand.mk\/mk\/wp-json\/wp\/v2\/comments?post=4499"}],"wp:featuredmedia":[{"embeddable":true,"href":"https:\/\/grand.mk\/mk\/wp-json\/wp\/v2\/media\/4496"}],"wp:attachment":[{"href":"https:\/\/grand.mk\/mk\/wp-json\/wp\/v2\/media?parent=4499"}],"wp:term":[{"taxonomy":"product_brand","embeddable":true,"href":"https:\/\/grand.mk\/mk\/wp-json\/wp\/v2\/product_brand?post=4499"},{"taxonomy":"product_cat","embeddable":true,"href":"https:\/\/grand.mk\/mk\/wp-json\/wp\/v2\/product_cat?post=4499"},{"taxonomy":"product_tag","embeddable":true,"href":"https:\/\/grand.mk\/mk\/wp-json\/wp\/v2\/product_tag?post=4499"}],"curies":[{"name":"wp","href":"https:\/\/api.w.org\/{rel}","templated":true}]}}