{"id":4550,"date":"2026-04-25T00:16:40","date_gmt":"2026-04-25T00:16:40","guid":{"rendered":"https:\/\/grand.mk\/?post_type=product&#038;p=4550"},"modified":"2026-04-26T00:00:05","modified_gmt":"2026-04-26T00:00:05","slug":"amethyste-botanical-hydra-10in1-leave-in-hair-spray","status":"publish","type":"product","link":"https:\/\/grand.mk\/mk\/produkt\/amethyste-botanical-hydra-10in1-leave-in-hair-spray\/","title":{"rendered":"Amethyste Botanical Hydra 10in1 Leave-In Hair Spray"},"content":{"rendered":"<p data-start=\"76\" data-end=\"469\">Amethyste Botanical Hydra 10-in-1 Leave-In Spray \u00ebsht\u00eb zgjidhja ideale p\u00ebr kujdes t\u00eb p\u00ebrditsh\u00ebm t\u00eb flok\u00ebve. Ushqen thell\u00ebsisht, kontrollon frizz-in, mbron nga nxeht\u00ebsia deri n\u00eb 230\u00b0C dhe rrezet UV, zb\u00ebrthen flok\u00ebt menj\u00ebher\u00eb pa i d\u00ebmtuar dhe jep shk\u00eblqim natyral. Mbron ngjyr\u00ebn nga zbehja, ndihmon n\u00eb parandalimin e majave t\u00eb dyfishta dhe i l\u00eb flok\u00ebt t\u00eb but\u00eb, t\u00eb leht\u00eb dhe me arom\u00eb t\u00eb k\u00ebndshme.<\/p>\n<p data-start=\"471\" data-end=\"756\">Formula e leht\u00eb, pa yndyr\u00eb dhe pa shp\u00eblarje, \u00ebsht\u00eb e pasuruar me ekstrakte bimore si aloe vera, rozmarin\u00eb, sherebel\u00eb, eukalipt, thup\u00ebr dhe yarrow, q\u00eb forcojn\u00eb flok\u00ebt dhe qet\u00ebsojn\u00eb skalpin. E p\u00ebrshtatshme p\u00ebr t\u00eb gjitha llojet e flok\u00ebve, edhe p\u00ebr flok\u00eb t\u00eb ndjesh\u00ebm, t\u00eb that\u00eb apo t\u00eb lyer.<\/p>\n<p data-start=\"471\" data-end=\"756\">Perdoreni n\u00eb flok\u00eb pak t\u00eb lagur, ose edhe t\u00eb thata, masazhoni spray-in n\u00eb flok\u00eb, thani flok\u00ebt dhe filloni me stilizimin e tyre.<\/p>","protected":false},"excerpt":{"rendered":"<p>Amethyste Botanical Hydra 10-in-1 Leave-In Spray \u00ebsht\u00eb zgjidhja ideale p\u00ebr kujdes t\u00eb p\u00ebrditsh\u00ebm t\u00eb flok\u00ebve. Ushqen thell\u00ebsisht, kontrollon frizz-in, mbron nga nxeht\u00ebsia deri n\u00eb 230\u00b0C dhe rrezet UV, zb\u00ebrthen flok\u00ebt menj\u00ebher\u00eb pa i d\u00ebmtuar dhe jep shk\u00eblqim natyral. Mbron ngjyr\u00ebn nga zbehja, ndihmon n\u00eb parandalimin e majave t\u00eb dyfishta dhe i l\u00eb flok\u00ebt t\u00eb but\u00eb,<\/p>","protected":false},"featured_media":4551,"comment_status":"open","ping_status":"closed","template":"","meta":{"advanced_seo_description":"","jetpack_seo_html_title":"","jetpack_seo_noindex":false},"product_brand":[],"product_cat":[171,174,179],"product_tag":[],"class_list":{"0":"post-4550","1":"product","2":"type-product","3":"status-publish","4":"has-post-thumbnail","6":"product_cat-kosa","7":"product_cat-maski","8":"product_cat-tretmani","10":"first","11":"instock","12":"sale","13":"taxable","14":"shipping-taxable","15":"purchasable","16":"product-type-simple"},"jetpack_sharing_enabled":true,"_links":{"self":[{"href":"https:\/\/grand.mk\/mk\/wp-json\/wp\/v2\/product\/4550","targetHints":{"allow":["GET"]}}],"collection":[{"href":"https:\/\/grand.mk\/mk\/wp-json\/wp\/v2\/product"}],"about":[{"href":"https:\/\/grand.mk\/mk\/wp-json\/wp\/v2\/types\/product"}],"replies":[{"embeddable":true,"href":"https:\/\/grand.mk\/mk\/wp-json\/wp\/v2\/comments?post=4550"}],"wp:featuredmedia":[{"embeddable":true,"href":"https:\/\/grand.mk\/mk\/wp-json\/wp\/v2\/media\/4551"}],"wp:attachment":[{"href":"https:\/\/grand.mk\/mk\/wp-json\/wp\/v2\/media?parent=4550"}],"wp:term":[{"taxonomy":"product_brand","embeddable":true,"href":"https:\/\/grand.mk\/mk\/wp-json\/wp\/v2\/product_brand?post=4550"},{"taxonomy":"product_cat","embeddable":true,"href":"https:\/\/grand.mk\/mk\/wp-json\/wp\/v2\/product_cat?post=4550"},{"taxonomy":"product_tag","embeddable":true,"href":"https:\/\/grand.mk\/mk\/wp-json\/wp\/v2\/product_tag?post=4550"}],"curies":[{"name":"wp","href":"https:\/\/api.w.org\/{rel}","templated":true}]}}