{"id":4193,"date":"2026-03-08T19:49:48","date_gmt":"2026-03-08T19:49:48","guid":{"rendered":"https:\/\/grand.mk\/?post_type=product&#038;p=4193"},"modified":"2026-03-09T08:27:43","modified_gmt":"2026-03-09T08:27:43","slug":"sexy-gate-body-cream-300ml","status":"publish","type":"product","link":"https:\/\/grand.mk\/sq\/produkt\/sexy-gate-body-cream-300ml\/","title":{"rendered":"Sexy Gate \u2013 Krem Trupi 300ml"},"content":{"rendered":"<p data-start=\"66\" data-end=\"204\"><strong data-start=\"66\" data-end=\"80\">Top Notes:<\/strong> Coconut, Peach<br data-start=\"95\" data-end=\"98\" \/><strong data-start=\"98\" data-end=\"114\">Heart Notes:<\/strong> Tiar\u00e9 Flower, Jasmine, Gardenia<br data-start=\"146\" data-end=\"149\" \/><strong data-start=\"149\" data-end=\"164\">Base Notes:<\/strong> Vanilla, Tonka Bean, Sandalwood, Musk<\/p>\n<hr data-start=\"206\" data-end=\"209\" \/>\n<p data-start=\"211\" data-end=\"237\"><strong data-start=\"211\" data-end=\"237\">Sexy Gate \u2013 Body Cream<\/strong><\/p>\n<p data-start=\"239\" data-end=\"528\"><strong data-start=\"239\" data-end=\"263\">Sexy Gate Body Cream<\/strong> \u00ebsht\u00eb nj\u00eb krem parfumesh josh\u00ebs dhe t\u00ebrheq\u00ebs i dizajnuar p\u00ebr t\u00eb t\u00ebrhequr dhe magjepsur. Kjo formul\u00eb intensive kombinon sensualitetin e notave ekzotike dhe mb\u00ebshtjellur me fuqin\u00eb josh\u00ebse t\u00eb feromoneve, duke krijuar nj\u00eb modern <strong data-start=\"477\" data-end=\"494\">\u201clove elixir\u201d<\/strong> q\u00eb p\u00ebrforcon bukurin\u00eb tuaj natyrore.<\/p>\n<p data-start=\"530\" data-end=\"916\">Aroma hapet me nota t\u00eb buta dhe ekzotike t\u00eb <strong data-start=\"580\" data-end=\"601\">kokos dhe pjeshke<\/strong>, duke ofruar nj\u00eb \u00ebmb\u00eblsi t\u00eb but\u00eb dhe t\u00ebrheq\u00ebse. N\u00eb zem\u00ebr, elegante <strong data-start=\"667\" data-end=\"706\">lule tiar\u00e9, xhezmyn dhe gardenia<\/strong> krijoni nj\u00eb buqet\u00eb t\u00eb pasur me lule q\u00eb ndjehet si sensuale ashtu edhe e sofistikuar. Arom\u00eb e vendoset n\u00eb nj\u00eb baz\u00eb t\u00eb ngroht\u00eb nga <strong data-start=\"817\" data-end=\"862\">vanilje, fasule tonka, druri i sandalit dhe musk<\/strong>, duke l\u00ebn\u00eb nj\u00eb gjurm\u00eb t\u00eb but\u00eb dhe t\u00eb parezistueshme mbi l\u00ebkur\u00eb.<\/p>\n<p data-start=\"918\" data-end=\"1044\"><strong data-start=\"918\" data-end=\"942\">Sexy Gate Body Cream<\/strong> intensifikon arom\u00ebn tuaj nd\u00ebrsa l\u00eb l\u00ebkur\u00ebn leht\u00ebsisht t\u00eb parfumosur, t\u00eb but\u00eb dhe bukur t\u00eb aromatizuar.<\/p>\n<p data-start=\"1046\" data-end=\"1132\" data-is-last-node=\"\" data-is-only-node=\"\"><strong data-start=\"1046\" data-end=\"1067\">Olfactory Family:<\/strong> Amber \/ Floral \/ Musky<br data-start=\"1090\" data-end=\"1093\" \/><strong data-start=\"1093\" data-end=\"1110\">Product Type:<\/strong> Fragranced Body Cream<\/p>","protected":false},"excerpt":{"rendered":"<p>Top Notes: Coconut, PeachHeart Notes: Tiar\u00e9 Flower, Jasmine, GardeniaBase Notes: Vanilla, Tonka Bean, Sandalwood, Musk Sexy Gate \u2013 Body Cream Sexy Gate Body Cream is a seductive and captivating fragrance cream designed to attract and enchant. This intense formula combines the sensuality of exotic and enveloping notes with the alluring power of pheromones, creating a<\/p>","protected":false},"featured_media":4194,"comment_status":"open","ping_status":"closed","template":"","meta":{"advanced_seo_description":"","jetpack_seo_html_title":"","jetpack_seo_noindex":false},"product_brand":[],"product_cat":[207,206],"product_tag":[],"class_list":{"0":"post-4193","1":"product","2":"type-product","3":"status-publish","4":"has-post-thumbnail","6":"product_cat-losioni-za-telo","7":"product_cat-nega-na-telo","9":"first","10":"instock","11":"taxable","12":"shipping-taxable","13":"purchasable","14":"product-type-simple"},"jetpack_sharing_enabled":true,"_links":{"self":[{"href":"https:\/\/grand.mk\/sq\/wp-json\/wp\/v2\/product\/4193","targetHints":{"allow":["GET"]}}],"collection":[{"href":"https:\/\/grand.mk\/sq\/wp-json\/wp\/v2\/product"}],"about":[{"href":"https:\/\/grand.mk\/sq\/wp-json\/wp\/v2\/types\/product"}],"replies":[{"embeddable":true,"href":"https:\/\/grand.mk\/sq\/wp-json\/wp\/v2\/comments?post=4193"}],"wp:featuredmedia":[{"embeddable":true,"href":"https:\/\/grand.mk\/sq\/wp-json\/wp\/v2\/media\/4194"}],"wp:attachment":[{"href":"https:\/\/grand.mk\/sq\/wp-json\/wp\/v2\/media?parent=4193"}],"wp:term":[{"taxonomy":"product_brand","embeddable":true,"href":"https:\/\/grand.mk\/sq\/wp-json\/wp\/v2\/product_brand?post=4193"},{"taxonomy":"product_cat","embeddable":true,"href":"https:\/\/grand.mk\/sq\/wp-json\/wp\/v2\/product_cat?post=4193"},{"taxonomy":"product_tag","embeddable":true,"href":"https:\/\/grand.mk\/sq\/wp-json\/wp\/v2\/product_tag?post=4193"}],"curies":[{"name":"wp","href":"https:\/\/api.w.org\/{rel}","templated":true}]}}