{"id":4383,"date":"2026-03-23T14:39:08","date_gmt":"2026-03-23T14:39:08","guid":{"rendered":"https:\/\/grand.mk\/?post_type=product&#038;p=4383"},"modified":"2026-03-23T14:39:08","modified_gmt":"2026-03-23T14:39:08","slug":"hairdresser-scissors","status":"publish","type":"product","link":"https:\/\/grand.mk\/sq\/produkt\/hairdresser-scissors\/","title":{"rendered":"G\u00ebrsh\u00ebr\u00eb Berberi"},"content":{"rendered":"<p>Professional Hairdresser Scissors designed for precise, smooth, and effortless cutting. Made from high-quality stainless steel for long-lasting sharpness and durability, ensuring clean trims and perfect styling results every time. Ideal for both salon use and at-home haircuts.<\/p>","protected":false},"excerpt":{"rendered":"<p>Professional Hairdresser Scissors designed for precise, smooth, and effortless cutting. Made from high-quality stainless steel for long-lasting sharpness and durability, ensuring clean trims and perfect styling results every time. Ideal for both salon use and at-home haircuts.<\/p>","protected":false},"featured_media":4384,"comment_status":"open","ping_status":"closed","template":"","meta":{"advanced_seo_description":"","jetpack_seo_html_title":"","jetpack_seo_noindex":false},"product_brand":[],"product_cat":[171,190,177,191],"product_tag":[],"class_list":{"0":"post-4383","1":"product","2":"type-product","3":"status-publish","4":"has-post-thumbnail","6":"product_cat-kosa","7":"product_cat-frizerska-oprema","8":"product_cat-linija-za-mazhi","9":"product_cat-alat","11":"first","12":"instock","13":"taxable","14":"shipping-taxable","15":"purchasable","16":"product-type-simple"},"jetpack_sharing_enabled":true,"_links":{"self":[{"href":"https:\/\/grand.mk\/sq\/wp-json\/wp\/v2\/product\/4383","targetHints":{"allow":["GET"]}}],"collection":[{"href":"https:\/\/grand.mk\/sq\/wp-json\/wp\/v2\/product"}],"about":[{"href":"https:\/\/grand.mk\/sq\/wp-json\/wp\/v2\/types\/product"}],"replies":[{"embeddable":true,"href":"https:\/\/grand.mk\/sq\/wp-json\/wp\/v2\/comments?post=4383"}],"wp:featuredmedia":[{"embeddable":true,"href":"https:\/\/grand.mk\/sq\/wp-json\/wp\/v2\/media\/4384"}],"wp:attachment":[{"href":"https:\/\/grand.mk\/sq\/wp-json\/wp\/v2\/media?parent=4383"}],"wp:term":[{"taxonomy":"product_brand","embeddable":true,"href":"https:\/\/grand.mk\/sq\/wp-json\/wp\/v2\/product_brand?post=4383"},{"taxonomy":"product_cat","embeddable":true,"href":"https:\/\/grand.mk\/sq\/wp-json\/wp\/v2\/product_cat?post=4383"},{"taxonomy":"product_tag","embeddable":true,"href":"https:\/\/grand.mk\/sq\/wp-json\/wp\/v2\/product_tag?post=4383"}],"curies":[{"name":"wp","href":"https:\/\/api.w.org\/{rel}","templated":true}]}}