{"id":4498,"date":"2026-04-06T10:31:32","date_gmt":"2026-04-06T10:31:32","guid":{"rendered":"https:\/\/grand.mk\/?post_type=product&#038;p=4498"},"modified":"2026-04-06T10:33:25","modified_gmt":"2026-04-06T10:33:25","slug":"barber-hairdresser-hair-cape-with-open-pockets-waterproof-nylon","status":"publish","type":"product","link":"https:\/\/grand.mk\/sq\/produkt\/barber-hairdresser-hair-cape-with-open-pockets-waterproof-nylon\/","title":{"rendered":"Barber\/Hairdresser Hair Cape with open pockets &#8211; Waterproof Nylon"},"content":{"rendered":"<p data-start=\"88\" data-end=\"342\">Professional Barber Hair Cape with open pockets, made from lightweight, water-resistant nylon. Designed for comfort and convenience, it allows easy access to tools while keeping clothes clean. Perfect for barbershops, salons, and home use.<\/p>\n<hr \/>\n<p data-start=\"344\" data-end=\"592\"><br data-start=\"364\" data-end=\"367\" \/>\u041f\u0440\u043e\u0444\u0435\u0441\u0438\u043e\u043d\u0430\u043b\u043d\u0430 \u0444\u0440\u0438\u0437\u0435\u0440\u0441\u043a\u0430 \u043d\u0430\u043c\u0435\u0442\u043a\u0430 \u0441\u043e \u043e\u0442\u0432\u043e\u0440\u0435\u043d\u0438 \u045f\u0435\u0431\u043e\u0432\u0438, \u0438\u0437\u0440\u0430\u0431\u043e\u0442\u0435\u043d\u0430 \u043e\u0434 \u043b\u0435\u0441\u0435\u043d \u0438 \u0432\u043e\u0434\u043e\u043e\u0442\u043f\u043e\u0440\u0435\u043d \u043d\u0430\u0458\u043b\u043e\u043d. \u041e\u0432\u043e\u0437\u043c\u043e\u0436\u0443\u0432\u0430 \u043b\u0435\u0441\u0435\u043d \u043f\u0440\u0438\u0441\u0442\u0430\u043f \u0434\u043e \u0430\u043b\u0430\u0442\u0438 \u0438 \u043c\u0430\u043a\u0441\u0438\u043c\u0430\u043b\u043d\u0430 \u0443\u0434\u043e\u0431\u043d\u043e\u0441\u0442, \u0434\u043e\u0434\u0435\u043a\u0430 \u043e\u0431\u0435\u0437\u0431\u0435\u0434\u0443\u0432\u0430 \u0437\u0430\u0448\u0442\u0438\u0442\u0430 \u043e\u0434 \u0432\u043b\u0430\u043a\u043d\u0430. \u0418\u0434\u0435\u0430\u043b\u043d\u0430 \u0437\u0430 \u0441\u0430\u043b\u043e\u043d\u0438 \u0438 \u0434\u043e\u043c\u0430\u0448\u043d\u0430 \u0443\u043f\u043e\u0442\u0440\u0435\u0431\u0430.<\/p>\n<hr \/>\n<p data-start=\"594\" data-end=\"842\" data-is-last-node=\"\" data-is-only-node=\"\"><br data-start=\"612\" data-end=\"615\" \/>Mantel profesional p\u00ebr berber me xhepa t\u00eb hapur, i punuar nga najlon i leht\u00eb dhe rezistent ndaj ujit. Ofron qasje t\u00eb leht\u00eb te mjetet dhe rehati maksimale, duke mbajtur rrobat t\u00eb pastra. Ideal p\u00ebr sallone dhe p\u00ebrdorim n\u00eb sht\u00ebpi.<\/p>","protected":false},"excerpt":{"rendered":"<p>Professional Barber Hair Cape with open pockets, made from lightweight, water-resistant nylon. Designed for comfort and convenience, it allows easy access to tools while keeping clothes clean. Perfect for barbershops, salons, and home use. \u041f\u0440\u043e\u0444\u0435\u0441\u0438\u043e\u043d\u0430\u043b\u043d\u0430 \u0444\u0440\u0438\u0437\u0435\u0440\u0441\u043a\u0430 \u043d\u0430\u043c\u0435\u0442\u043a\u0430 \u0441\u043e \u043e\u0442\u0432\u043e\u0440\u0435\u043d\u0438 \u045f\u0435\u0431\u043e\u0432\u0438, \u0438\u0437\u0440\u0430\u0431\u043e\u0442\u0435\u043d\u0430 \u043e\u0434 \u043b\u0435\u0441\u0435\u043d \u0438 \u0432\u043e\u0434\u043e\u043e\u0442\u043f\u043e\u0440\u0435\u043d \u043d\u0430\u0458\u043b\u043e\u043d. \u041e\u0432\u043e\u0437\u043c\u043e\u0436\u0443\u0432\u0430 \u043b\u0435\u0441\u0435\u043d \u043f\u0440\u0438\u0441\u0442\u0430\u043f \u0434\u043e \u0430\u043b\u0430\u0442\u0438 \u0438 \u043c\u0430\u043a\u0441\u0438\u043c\u0430\u043b\u043d\u0430 \u0443\u0434\u043e\u0431\u043d\u043e\u0441\u0442, \u0434\u043e\u0434\u0435\u043a\u0430<\/p>","protected":false},"featured_media":4491,"comment_status":"open","ping_status":"closed","template":"","meta":{"advanced_seo_description":"","jetpack_seo_html_title":"","jetpack_seo_noindex":false},"product_brand":[],"product_cat":[192,190],"product_tag":[],"class_list":{"0":"post-4498","1":"product","2":"type-product","3":"status-publish","4":"has-post-thumbnail","6":"product_cat-oprema","7":"product_cat-frizerska-oprema","9":"first","10":"instock","11":"taxable","12":"shipping-taxable","13":"purchasable","14":"product-type-simple"},"jetpack_sharing_enabled":true,"_links":{"self":[{"href":"https:\/\/grand.mk\/sq\/wp-json\/wp\/v2\/product\/4498","targetHints":{"allow":["GET"]}}],"collection":[{"href":"https:\/\/grand.mk\/sq\/wp-json\/wp\/v2\/product"}],"about":[{"href":"https:\/\/grand.mk\/sq\/wp-json\/wp\/v2\/types\/product"}],"replies":[{"embeddable":true,"href":"https:\/\/grand.mk\/sq\/wp-json\/wp\/v2\/comments?post=4498"}],"wp:featuredmedia":[{"embeddable":true,"href":"https:\/\/grand.mk\/sq\/wp-json\/wp\/v2\/media\/4491"}],"wp:attachment":[{"href":"https:\/\/grand.mk\/sq\/wp-json\/wp\/v2\/media?parent=4498"}],"wp:term":[{"taxonomy":"product_brand","embeddable":true,"href":"https:\/\/grand.mk\/sq\/wp-json\/wp\/v2\/product_brand?post=4498"},{"taxonomy":"product_cat","embeddable":true,"href":"https:\/\/grand.mk\/sq\/wp-json\/wp\/v2\/product_cat?post=4498"},{"taxonomy":"product_tag","embeddable":true,"href":"https:\/\/grand.mk\/sq\/wp-json\/wp\/v2\/product_tag?post=4498"}],"curies":[{"name":"wp","href":"https:\/\/api.w.org\/{rel}","templated":true}]}}