{"id":4500,"date":"2026-04-06T10:44:56","date_gmt":"2026-04-06T10:44:56","guid":{"rendered":"https:\/\/grand.mk\/?post_type=product&#038;p=4500"},"modified":"2026-04-06T10:44:56","modified_gmt":"2026-04-06T10:44:56","slug":"lollis-beauty-makeup-eyebrow-shaper-wax","status":"publish","type":"product","link":"https:\/\/grand.mk\/sq\/produkt\/lollis-beauty-makeup-eyebrow-shaper-wax\/","title":{"rendered":"Lollis Beauty Makeup &#8211; Eyebrow Shaper Wax"},"content":{"rendered":"<p data-start=\"98\" data-end=\"287\">Lollis Beauty Eyebrow Shaper Wax \u2013 effortlessly shape and define your brows with long-lasting hold. Smooth, easy-to-use formula perfect for professional or at-home styling.<\/p>\n<hr \/>\n<p data-start=\"289\" data-end=\"496\"><br data-start=\"296\" data-end=\"299\" \/>Lollis Beauty \u0412\u043e\u0441\u043e\u043a \u0437\u0430 \u043e\u0431\u043b\u0438\u043a\u0443\u0432\u0430\u045a\u0435 \u043d\u0430 \u0432\u0435\u0453\u0438 \u2013 \u043b\u0435\u0441\u043d\u043e \u043e\u0431\u043b\u0438\u043a\u0443\u0432\u0430\u0458\u0442\u0435 \u0438 \u0434\u0435\u0444\u0438\u043d\u0438\u0440\u0430\u0458\u0442\u0435 \u0433\u0438 \u0432\u0435\u0453\u0438\u0442\u0435 \u0441\u043e \u0434\u043e\u043b\u0433\u043e\u0442\u0440\u0430\u0458\u043d\u0430 \u0444\u0438\u043a\u0441\u0430\u0446\u0438\u0458\u0430. \u0413\u043b\u0430\u0442\u043a\u0430 \u0438 \u043b\u0435\u0441\u043d\u0430 \u0437\u0430 \u043a\u043e\u0440\u0438\u0441\u0442\u0435\u045a\u0435 \u0444\u043e\u0440\u043c\u0443\u043b\u0430, \u0438\u0434\u0435\u0430\u043b\u043d\u0430 \u0437\u0430 \u043f\u0440\u043e\u0444\u0435\u0441\u0438\u043e\u043d\u0430\u043b\u043d\u0430 \u0438\u043b\u0438 \u0434\u043e\u043c\u0430\u0448\u043d\u0430 \u0443\u043f\u043e\u0442\u0440\u0435\u0431\u0430.<\/p>\n<hr \/>\n<p data-start=\"498\" data-end=\"719\"><br data-start=\"505\" data-end=\"508\" \/>Lollis Beauty Wax p\u00ebr Form\u00ebsimin e Vetullave \u2013 form\u00ebsoni dhe p\u00ebrcaktoni vetullat leht\u00ebsisht me q\u00ebndrueshm\u00ebri t\u00eb gjat\u00eb. Formula e but\u00eb dhe e leht\u00eb p\u00ebr p\u00ebrdorim, perfekte p\u00ebr p\u00ebrdorim profesional ose n\u00eb sht\u00ebpi.<\/p>","protected":false},"excerpt":{"rendered":"<p>Lollis Beauty Eyebrow Shaper Wax \u2013 effortlessly shape and define your brows with long-lasting hold. Smooth, easy-to-use formula perfect for professional or at-home styling. Lollis Beauty \u0412\u043e\u0441\u043e\u043a \u0437\u0430 \u043e\u0431\u043b\u0438\u043a\u0443\u0432\u0430\u045a\u0435 \u043d\u0430 \u0432\u0435\u0453\u0438 \u2013 \u043b\u0435\u0441\u043d\u043e \u043e\u0431\u043b\u0438\u043a\u0443\u0432\u0430\u0458\u0442\u0435 \u0438 \u0434\u0435\u0444\u0438\u043d\u0438\u0440\u0430\u0458\u0442\u0435 \u0433\u0438 \u0432\u0435\u0453\u0438\u0442\u0435 \u0441\u043e \u0434\u043e\u043b\u0433\u043e\u0442\u0440\u0430\u0458\u043d\u0430 \u0444\u0438\u043a\u0441\u0430\u0446\u0438\u0458\u0430. \u0413\u043b\u0430\u0442\u043a\u0430 \u0438 \u043b\u0435\u0441\u043d\u0430 \u0437\u0430 \u043a\u043e\u0440\u0438\u0441\u0442\u0435\u045a\u0435 \u0444\u043e\u0440\u043c\u0443\u043b\u0430, \u0438\u0434\u0435\u0430\u043b\u043d\u0430 \u0437\u0430 \u043f\u0440\u043e\u0444\u0435\u0441\u0438\u043e\u043d\u0430\u043b\u043d\u0430 \u0438\u043b\u0438 \u0434\u043e\u043c\u0430\u0448\u043d\u0430 \u0443\u043f\u043e\u0442\u0440\u0435\u0431\u0430. Lollis Beauty<\/p>","protected":false},"featured_media":4503,"comment_status":"open","ping_status":"closed","template":"","meta":{"advanced_seo_description":"","jetpack_seo_html_title":"","jetpack_seo_noindex":false},"product_brand":[],"product_cat":[142,104],"product_tag":[],"class_list":{"0":"post-4500","1":"product","2":"type-product","3":"status-publish","4":"has-post-thumbnail","6":"product_cat-ochi","7":"product_cat-sminka","9":"first","10":"instock","11":"taxable","12":"shipping-taxable","13":"purchasable","14":"product-type-simple"},"jetpack_sharing_enabled":true,"_links":{"self":[{"href":"https:\/\/grand.mk\/sq\/wp-json\/wp\/v2\/product\/4500","targetHints":{"allow":["GET"]}}],"collection":[{"href":"https:\/\/grand.mk\/sq\/wp-json\/wp\/v2\/product"}],"about":[{"href":"https:\/\/grand.mk\/sq\/wp-json\/wp\/v2\/types\/product"}],"replies":[{"embeddable":true,"href":"https:\/\/grand.mk\/sq\/wp-json\/wp\/v2\/comments?post=4500"}],"wp:featuredmedia":[{"embeddable":true,"href":"https:\/\/grand.mk\/sq\/wp-json\/wp\/v2\/media\/4503"}],"wp:attachment":[{"href":"https:\/\/grand.mk\/sq\/wp-json\/wp\/v2\/media?parent=4500"}],"wp:term":[{"taxonomy":"product_brand","embeddable":true,"href":"https:\/\/grand.mk\/sq\/wp-json\/wp\/v2\/product_brand?post=4500"},{"taxonomy":"product_cat","embeddable":true,"href":"https:\/\/grand.mk\/sq\/wp-json\/wp\/v2\/product_cat?post=4500"},{"taxonomy":"product_tag","embeddable":true,"href":"https:\/\/grand.mk\/sq\/wp-json\/wp\/v2\/product_tag?post=4500"}],"curies":[{"name":"wp","href":"https:\/\/api.w.org\/{rel}","templated":true}]}}